{"id":15407,"date":"2024-10-30T11:22:45","date_gmt":"2024-10-30T03:22:45","guid":{"rendered":"https:\/\/originsurrogacy.com\/una-certificacion-internacional\/"},"modified":"2024-11-08T10:18:58","modified_gmt":"2024-11-08T02:18:58","slug":"una-certificacion-internacional","status":"publish","type":"page","link":"https:\/\/originsurrogacy.com\/es\/una-certificacion-internacional\/","title":{"rendered":"Una certificaci\u00f3n internacional"},"content":{"rendered":"\t\t<div data-elementor-type=\"wp-page\" data-elementor-id=\"15407\" class=\"elementor elementor-15407 elementor-14428\" data-elementor-post-type=\"page\">\n\t\t\t\t<div class=\"elementor-element elementor-element-6981610f e-flex e-con-boxed e-con e-parent\" data-id=\"6981610f\" data-element_type=\"container\">\n\t\t\t\t\t<div class=\"e-con-inner\">\n\t\t\t\t<div class=\"elementor-element elementor-element-6e6c5c5 elementor-nav-menu__align-center elementor-nav-menu--dropdown-none elementor-widget elementor-widget-nav-menu\" data-id=\"6e6c5c5\" data-element_type=\"widget\" data-settings=\"{&quot;layout&quot;:&quot;horizontal&quot;,&quot;submenu_icon&quot;:{&quot;value&quot;:&quot;&lt;svg class=\\&quot;e-font-icon-svg e-fas-caret-down\\&quot; viewBox=\\&quot;0 0 320 512\\&quot; xmlns=\\&quot;http:\\\/\\\/www.w3.org\\\/2000\\\/svg\\&quot;&gt;&lt;path d=\\&quot;M31.3 192h257.3c17.8 0 26.7 21.5 14.1 34.1L174.1 354.8c-7.8 7.8-20.5 7.8-28.3 0L17.2 226.1C4.6 213.5 13.5 192 31.3 192z\\&quot;&gt;&lt;\\\/path&gt;&lt;\\\/svg&gt;&quot;,&quot;library&quot;:&quot;fa-solid&quot;}}\" data-widget_type=\"nav-menu.default\">\n\t\t\t\t<div class=\"elementor-widget-container\">\n\t\t\t\t\t\t\t\t<nav class=\"elementor-nav-menu--main elementor-nav-menu__container elementor-nav-menu--layout-horizontal e--pointer-none\">\n\t\t\t\t<ul id=\"menu-1-6e6c5c5\" class=\"elementor-nav-menu\"><li class=\"menu-item menu-item-type-custom menu-item-object-custom menu-item-14362\"><a href=\"\/about\" class=\"elementor-item\">\u95dc\u65bcOrigin Surrogacy<\/a><\/li>\n<li class=\"menu-item menu-item-type-custom menu-item-object-custom menu-item-14363\"><a href=\"\/characteristics\/\" class=\"elementor-item\">\u91ab\u9662\u7279\u8272<\/a><\/li>\n<li class=\"menu-item menu-item-type-custom menu-item-object-custom menu-item-14364\"><a href=\"\/certification\/\" class=\"elementor-item\">\u570b\u969b\u8a8d\u8b49<\/a><\/li>\n<li class=\"menu-item menu-item-type-custom menu-item-object-custom menu-item-14365\"><a href=\"\/lab\" class=\"elementor-item\">\u5be6\u9a57\u5ba4\u4ecb\u7d39<\/a><\/li>\n<\/ul>\t\t\t<\/nav>\n\t\t\t\t\t\t<nav class=\"elementor-nav-menu--dropdown elementor-nav-menu__container\" aria-hidden=\"true\">\n\t\t\t\t<ul id=\"menu-2-6e6c5c5\" class=\"elementor-nav-menu\"><li class=\"menu-item menu-item-type-custom menu-item-object-custom menu-item-14362\"><a href=\"\/about\" class=\"elementor-item\" tabindex=\"-1\">\u95dc\u65bcOrigin Surrogacy<\/a><\/li>\n<li class=\"menu-item menu-item-type-custom menu-item-object-custom menu-item-14363\"><a href=\"\/characteristics\/\" class=\"elementor-item\" tabindex=\"-1\">\u91ab\u9662\u7279\u8272<\/a><\/li>\n<li class=\"menu-item menu-item-type-custom menu-item-object-custom menu-item-14364\"><a href=\"\/certification\/\" class=\"elementor-item\" tabindex=\"-1\">\u570b\u969b\u8a8d\u8b49<\/a><\/li>\n<li class=\"menu-item menu-item-type-custom menu-item-object-custom menu-item-14365\"><a href=\"\/lab\" class=\"elementor-item\" tabindex=\"-1\">\u5be6\u9a57\u5ba4\u4ecb\u7d39<\/a><\/li>\n<\/ul>\t\t\t<\/nav>\n\t\t\t\t\t\t<\/div>\n\t\t\t\t<\/div>\n\t\t\t\t<div class=\"elementor-element elementor-element-455b835f elementor-widget-divider--view-line elementor-widget elementor-widget-divider\" data-id=\"455b835f\" data-element_type=\"widget\" data-widget_type=\"divider.default\">\n\t\t\t\t<div class=\"elementor-widget-container\">\n\t\t\t\t\t\t\t<div class=\"elementor-divider\">\n\t\t\t<span class=\"elementor-divider-separator\">\n\t\t\t\t\t\t<\/span>\n\t\t<\/div>\n\t\t\t\t\t\t<\/div>\n\t\t\t\t<\/div>\n\t\t\t\t\t<\/div>\n\t\t\t\t<\/div>\n\t\t\t\t<section class=\"elementor-section elementor-top-section elementor-element elementor-element-6edf63c7 elementor-section-content-middle animated-slow elementor-section-boxed elementor-section-height-default elementor-section-height-default\" data-id=\"6edf63c7\" data-element_type=\"section\" data-settings=\"{&quot;animation&quot;:&quot;none&quot;,&quot;animation_delay&quot;:1000}\">\n\t\t\t\t\t\t<div class=\"elementor-container elementor-column-gap-wide\">\n\t\t\t\t\t<div class=\"elementor-column elementor-col-100 elementor-top-column elementor-element elementor-element-292f67fe\" data-id=\"292f67fe\" data-element_type=\"column\">\n\t\t\t<div class=\"elementor-widget-wrap elementor-element-populated\">\n\t\t\t\t\t\t<div class=\"elementor-element elementor-element-20f8ad36 elementor-widget elementor-widget-rs-heading\" data-id=\"20f8ad36\" data-element_type=\"widget\" data-widget_type=\"rs-heading.default\">\n\t\t\t\t<div class=\"elementor-widget-container\">\n\t\t\t\t\t        <div class=\"rs-heading default  \">\r\n        \t<div class=\"title-inner\">\r\n        \t\t      \t\t\r\n\t            <h2 class=\"title\"><span class=\"watermark\"><\/span>Origin Surrogacy<br>Una certificaci\u00f3n internacional<\/h2>\t        <\/div>\r\n\t                    \t<div class=\"description\">\r\n            \t\t<p>Contamos con una serie de certificaciones m\u00e9dicas internacionales autorizadas, incluyendo la asociaci\u00f3n americana de pat\u00f3logos, agencias de salud y servicios humanos, el consejo americano de acreditaci\u00f3n de laboratorios cl\u00ednicos, la asociaci\u00f3n de tecnolog\u00edas de reproducci\u00f3n asistida, la asociaci\u00f3n de acreditaci\u00f3n de atenci\u00f3n m\u00e9dica m\u00f3vil y la asociaci\u00f3n americana de bancos de tejidos. Tambi\u00e9n tiene la certificaci\u00f3n de laboratorio de m\u00e1s alto nivel y la licencia de hospital de los Estados Unidos para brindarle atenci\u00f3n m\u00e9dica profesional legal, segura y garantizada.<\/p>\n            \t\t\r\n            \t<\/div>\r\n        \t        <\/div>\r\n\r\n        \t\t\t\t<\/div>\n\t\t\t\t<\/div>\n\t\t\t\t\t<\/div>\n\t\t<\/div>\n\t\t\t\t\t<\/div>\n\t\t<\/section>\n\t\t<div class=\"elementor-element elementor-element-39b7eec1 e-flex e-con-boxed e-con e-parent\" data-id=\"39b7eec1\" data-element_type=\"container\">\n\t\t\t\t\t<div class=\"e-con-inner\">\n\t\t\t\t<div class=\"elementor-element elementor-element-1b16bd5e elementor-widget elementor-widget-heading\" data-id=\"1b16bd5e\" data-element_type=\"widget\" data-widget_type=\"heading.default\">\n\t\t\t\t<div class=\"elementor-widget-container\">\n\t\t\t\t\t<h2 class=\"elementor-heading-title elementor-size-default\">Tenemos una serie de certificaciones de autoridad m\u00e9dica internacional<\/h2>\t\t\t\t<\/div>\n\t\t\t\t<\/div>\n\t\t\t\t<div class=\"elementor-element elementor-element-6068ec0 elementor-widget elementor-widget-rs-service-slider\" data-id=\"6068ec0\" data-element_type=\"widget\" data-widget_type=\"rs-service-slider.default\">\n\t\t\t\t<div class=\"elementor-widget-container\">\n\t\t\t\t\t\r\n\r\n\r\n\r\n            <div class=\"rsaddon-unique-slider\">\r\n                <div id=\"rsaddon-slick-slider-8954\" class=\"rs-addon-slider rs-services-slider services-style2\">                   \r\n                        \r\n                                                        <div class=\"grid-item\">\r\n                                    <div  class=\"rs-service-slider\">\r\n                                        <div class=\"service-img\">\r\n                                            <a href=\"\" ><img decoding=\"async\" class=\"rs-grid-img\" src=\"https:\/\/originsurrogacy.com\/wp-content\/plugins\/elementor\/assets\/images\/placeholder.png\" title=\"\u7f8e\u570b\u75c5\u7406\u5b78\u5bb6\u5354\u6703\u8a8d\u8b49\" alt=\"\u7f8e\u570b\u75c5\u7406\u5b78\u5bb6\u5354\u6703\u8a8d\u8b49\"><\/a>\r\n                                        <\/div>\r\n                                                                                                                                    <div class=\"service-title\">\r\n                                                    <a href=\"\" ><h3 class=\"title\"> \u7f8e\u570b\u75c5\u7406\u5b78\u5bb6\u5354\u6703\u8a8d\u8b49<\/h3><\/a>                               \r\n                                                <\/div>\r\n                                                                                                                                                                <\/div>\r\n                                <\/div>           \r\n                                                            <div class=\"grid-item\">\r\n                                    <div  class=\"rs-service-slider\">\r\n                                        <div class=\"service-img\">\r\n                                            <a href=\"\" ><img decoding=\"async\" class=\"rs-grid-img\" src=\"https:\/\/originsurrogacy.com\/wp-content\/plugins\/elementor\/assets\/images\/placeholder.png\" title=\"\u5065\u5eb7\u8207\u4eba\u985e\u670d\u52d9\u6a5f\u69cb\" alt=\"\u5065\u5eb7\u8207\u4eba\u985e\u670d\u52d9\u6a5f\u69cb\"><\/a>\r\n                                        <\/div>\r\n                                                                                                                                    <div class=\"service-title\">\r\n                                                    <a href=\"\" ><h3 class=\"title\"> \u5065\u5eb7\u8207\u4eba\u985e\u670d\u52d9\u6a5f\u69cb<\/h3><\/a>                               \r\n                                                <\/div>\r\n                                                                                                                                                                <\/div>\r\n                                <\/div>           \r\n                                                            <div class=\"grid-item\">\r\n                                    <div  class=\"rs-service-slider\">\r\n                                        <div class=\"service-img\">\r\n                                            <a href=\"\" ><img decoding=\"async\" class=\"rs-grid-img\" src=\"https:\/\/originsurrogacy.com\/wp-content\/plugins\/elementor\/assets\/images\/placeholder.png\" title=\"\u7f8e\u570b\u81e8\u5e8a\u5be6\u9a57\u5ba4\u8a8d\u8b49\u59d4\u54e1\" alt=\"\u7f8e\u570b\u81e8\u5e8a\u5be6\u9a57\u5ba4\u8a8d\u8b49\u59d4\u54e1\"><\/a>\r\n                                        <\/div>\r\n                                                                                                                                    <div class=\"service-title\">\r\n                                                    <a href=\"\" ><h3 class=\"title\"> \u7f8e\u570b\u81e8\u5e8a\u5be6\u9a57\u5ba4\u8a8d\u8b49\u59d4\u54e1<\/h3><\/a>                               \r\n                                                <\/div>\r\n                                                                                                                                                                <\/div>\r\n                                <\/div>           \r\n                                                            <div class=\"grid-item\">\r\n                                    <div  class=\"rs-service-slider\">\r\n                                        <div class=\"service-img\">\r\n                                            <a href=\"\" ><img decoding=\"async\" class=\"rs-grid-img\" src=\"https:\/\/originsurrogacy.com\/wp-content\/plugins\/elementor\/assets\/images\/placeholder.png\" title=\"\u8f14\u52a9\u751f\u6b96\u6280\u8853\u5354\u6703\u8a8d\u8b49\" alt=\"\u8f14\u52a9\u751f\u6b96\u6280\u8853\u5354\u6703\u8a8d\u8b49\"><\/a>\r\n                                        <\/div>\r\n                                                                                                                                    <div class=\"service-title\">\r\n                                                    <a href=\"\" ><h3 class=\"title\"> \u8f14\u52a9\u751f\u6b96\u6280\u8853\u5354\u6703\u8a8d\u8b49<\/h3><\/a>                               \r\n                                                <\/div>\r\n                                                                                                                                                                <\/div>\r\n                                <\/div>           \r\n                                                            <div class=\"grid-item\">\r\n                                    <div  class=\"rs-service-slider\">\r\n                                        <div class=\"service-img\">\r\n                                            <a href=\"\" ><img decoding=\"async\" class=\"rs-grid-img\" src=\"https:\/\/originsurrogacy.com\/wp-content\/plugins\/elementor\/assets\/images\/placeholder.png\" title=\"\u6d41\u52d5\u91ab\u7642\u4fdd\u5065\u8a8d\u53ef\u5354\u6703\u8a8d\u8b49\" alt=\"\u6d41\u52d5\u91ab\u7642\u4fdd\u5065\u8a8d\u53ef\u5354\u6703\u8a8d\u8b49\"><\/a>\r\n                                        <\/div>\r\n                                                                                                                                    <div class=\"service-title\">\r\n                                                    <a href=\"\" ><h3 class=\"title\"> \u6d41\u52d5\u91ab\u7642\u4fdd\u5065\u8a8d\u53ef\u5354\u6703\u8a8d\u8b49<\/h3><\/a>                               \r\n                                                <\/div>\r\n                                                                                                                                                                <\/div>\r\n                                <\/div>           \r\n                                                            <div class=\"grid-item\">\r\n                                    <div  class=\"rs-service-slider\">\r\n                                        <div class=\"service-img\">\r\n                                            <a href=\"\" ><img decoding=\"async\" class=\"rs-grid-img\" src=\"https:\/\/originsurrogacy.com\/wp-content\/plugins\/elementor\/assets\/images\/placeholder.png\" title=\"\u7f8e\u570b\u7d44\u7e54\u5eab\u5354\u6703\" alt=\"\u7f8e\u570b\u7d44\u7e54\u5eab\u5354\u6703\"><\/a>\r\n                                        <\/div>\r\n                                                                                                                                    <div class=\"service-title\">\r\n                                                    <a href=\"\" ><h3 class=\"title\"> \u7f8e\u570b\u7d44\u7e54\u5eab\u5354\u6703<\/h3><\/a>                               \r\n                                                <\/div>\r\n                                                                                                                                                                <\/div>\r\n                                <\/div>           \r\n                                                  \r\n                <\/div>\r\n                <div class=\"rsaddon-slider-conf wpsisac-hide\" data-conf=\"{&quot;slidesToShow&quot;:3,&quot;autoplaySpeed&quot;:3000,&quot;interval&quot;:3000,&quot;slidesToScroll&quot;:2,&quot;slider_autoplay&quot;:&quot;false&quot;,&quot;pauseOnHover&quot;:&quot;false&quot;,&quot;sliderDots&quot;:&quot;true&quot;,&quot;sliderNav&quot;:&quot;true&quot;,&quot;infinite&quot;:&quot;false&quot;,&quot;centerMode&quot;:&quot;false&quot;,&quot;col_lg&quot;:3,&quot;col_md&quot;:3,&quot;col_sm&quot;:2,&quot;col_xs&quot;:1}\"><\/div>\r\n            <\/div>\r\n            <script type=\"text\/javascript\"> \r\n                jQuery(document).ready(function(){\r\n                    jQuery( '.rs-addon-slider' ).each(function( index ) {        \r\n                    var slider_id       = jQuery(this).attr('id'); \r\n                    var slider_conf     = jQuery.parseJSON( jQuery(this).closest('.rsaddon-unique-slider').find('.rsaddon-slider-conf').attr('data-conf'));\r\n                   \r\n                    if( typeof(slider_id) != 'undefined' && slider_id != '' ) {\r\n                    jQuery('#'+slider_id).not('.slick-initialized').slick({\r\n                    slidesToShow    : parseInt(slider_conf.col_lg),\r\n                    centerMode      : (slider_conf.centerMode)  == \"true\" ? true : false,\r\n                    dots            : (slider_conf.sliderDots)  == \"true\" ? true : false,\r\n                    arrows          : (slider_conf.sliderNav) == \"true\" ? true : false,\r\n                    autoplay        : (slider_conf.slider_autoplay) == \"true\" ? true : false,\r\n                    slidesToScroll  : parseInt(slider_conf.slidesToScroll),\r\n                    centerPadding   : '15px',\r\n                    autoplaySpeed   : parseInt(slider_conf.autoplaySpeed),\r\n                    pauseOnHover    : (slider_conf.pauseOnHover) == \"true\" ? true : false,\r\n                    loop : false,\r\n\r\n                    responsive: [{\r\n                        breakpoint: 1200,\r\n                        settings: {\r\n                            slidesToShow: parseInt(slider_conf.col_md),\r\n                        }\r\n                    }, \r\n                    {\r\n                        breakpoint: 992,\r\n                        settings: {\r\n                            slidesToShow: parseInt(slider_conf.col_sm),\r\n                        }\r\n                    }, \r\n                    {\r\n                        breakpoint: 768,\r\n                        settings: {\r\n                            arrows: false,\r\n                            slidesToShow: parseInt(slider_conf.col_xs),\r\n                        }\r\n                    }, ]\r\n                    });\r\n                }\r\n               \r\n                });\r\n            });\r\n            <\/script>\r\n        \t\t\t\t<\/div>\n\t\t\t\t<\/div>\n\t\t\t\t\t<\/div>\n\t\t\t\t<\/div>\n\t\t<div class=\"elementor-element elementor-element-6659eb3 e-flex e-con-boxed e-con e-parent\" data-id=\"6659eb3\" data-element_type=\"container\">\n\t\t\t\t\t<div class=\"e-con-inner\">\n\t\t\t\t<div class=\"elementor-element elementor-element-46bf499 elementor-widget elementor-widget-heading\" data-id=\"46bf499\" data-element_type=\"widget\" data-widget_type=\"heading.default\">\n\t\t\t\t<div class=\"elementor-widget-container\">\n\t\t\t\t\t<h2 class=\"elementor-heading-title elementor-size-default\">Licencia Origin Surrogacy laboratorio y hospital<\/h2>\t\t\t\t<\/div>\n\t\t\t\t<\/div>\n\t\t\t\t<div class=\"elementor-element elementor-element-87b0ed4 elementor-widget elementor-widget-rs-service-slider\" data-id=\"87b0ed4\" data-element_type=\"widget\" data-widget_type=\"rs-service-slider.default\">\n\t\t\t\t<div class=\"elementor-widget-container\">\n\t\t\t\t\t\r\n\r\n\r\n\r\n            <div class=\"rsaddon-unique-slider\">\r\n                <div id=\"rsaddon-slick-slider-27726\" class=\"rs-addon-slider rs-services-slider services-style2\">                   \r\n                        \r\n                                                        <div class=\"grid-item\">\r\n                                    <div  class=\"rs-service-slider\">\r\n                                        <div class=\"service-img\">\r\n                                            <a href=\"\" ><img decoding=\"async\" class=\"rs-grid-img\" src=\"https:\/\/originsurrogacy.com\/wp-content\/plugins\/elementor\/assets\/images\/placeholder.png\" title=\"\" alt=\"\"><\/a>\r\n                                        <\/div>\r\n                                                                                                                    <\/div>\r\n                                <\/div>           \r\n                                                            <div class=\"grid-item\">\r\n                                    <div  class=\"rs-service-slider\">\r\n                                        <div class=\"service-img\">\r\n                                            <a href=\"\" ><img decoding=\"async\" class=\"rs-grid-img\" src=\"https:\/\/originsurrogacy.com\/wp-content\/plugins\/elementor\/assets\/images\/placeholder.png\" title=\"\" alt=\"\"><\/a>\r\n                                        <\/div>\r\n                                                                                                                    <\/div>\r\n                                <\/div>           \r\n                                                            <div class=\"grid-item\">\r\n                                    <div  class=\"rs-service-slider\">\r\n                                        <div class=\"service-img\">\r\n                                            <a href=\"\" ><img decoding=\"async\" class=\"rs-grid-img\" src=\"https:\/\/originsurrogacy.com\/wp-content\/plugins\/elementor\/assets\/images\/placeholder.png\" title=\"\" alt=\"\"><\/a>\r\n                                        <\/div>\r\n                                                                                                                    <\/div>\r\n                                <\/div>           \r\n                                                            <div class=\"grid-item\">\r\n                                    <div  class=\"rs-service-slider\">\r\n                                        <div class=\"service-img\">\r\n                                            <a href=\"\" ><img decoding=\"async\" class=\"rs-grid-img\" src=\"https:\/\/originsurrogacy.com\/wp-content\/plugins\/elementor\/assets\/images\/placeholder.png\" title=\"\" alt=\"\"><\/a>\r\n                                        <\/div>\r\n                                                                                                                    <\/div>\r\n                                <\/div>           \r\n                                                            <div class=\"grid-item\">\r\n                                    <div  class=\"rs-service-slider\">\r\n                                        <div class=\"service-img\">\r\n                                            <a href=\"\" ><img decoding=\"async\" class=\"rs-grid-img\" src=\"https:\/\/originsurrogacy.com\/wp-content\/plugins\/elementor\/assets\/images\/placeholder.png\" title=\"\" alt=\"\"><\/a>\r\n                                        <\/div>\r\n                                                                                                                    <\/div>\r\n                                <\/div>           \r\n                                                  \r\n                <\/div>\r\n                <div class=\"rsaddon-slider-conf wpsisac-hide\" data-conf=\"{&quot;slidesToShow&quot;:3,&quot;autoplaySpeed&quot;:3000,&quot;interval&quot;:3000,&quot;slidesToScroll&quot;:2,&quot;slider_autoplay&quot;:&quot;false&quot;,&quot;pauseOnHover&quot;:&quot;false&quot;,&quot;sliderDots&quot;:&quot;true&quot;,&quot;sliderNav&quot;:&quot;true&quot;,&quot;infinite&quot;:&quot;false&quot;,&quot;centerMode&quot;:&quot;false&quot;,&quot;col_lg&quot;:3,&quot;col_md&quot;:3,&quot;col_sm&quot;:2,&quot;col_xs&quot;:1}\"><\/div>\r\n            <\/div>\r\n            <script type=\"text\/javascript\"> \r\n                jQuery(document).ready(function(){\r\n                    jQuery( '.rs-addon-slider' ).each(function( index ) {        \r\n                    var slider_id       = jQuery(this).attr('id'); \r\n                    var slider_conf     = jQuery.parseJSON( jQuery(this).closest('.rsaddon-unique-slider').find('.rsaddon-slider-conf').attr('data-conf'));\r\n                   \r\n                    if( typeof(slider_id) != 'undefined' && slider_id != '' ) {\r\n                    jQuery('#'+slider_id).not('.slick-initialized').slick({\r\n                    slidesToShow    : parseInt(slider_conf.col_lg),\r\n                    centerMode      : (slider_conf.centerMode)  == \"true\" ? true : false,\r\n                    dots            : (slider_conf.sliderDots)  == \"true\" ? true : false,\r\n                    arrows          : (slider_conf.sliderNav) == \"true\" ? true : false,\r\n                    autoplay        : (slider_conf.slider_autoplay) == \"true\" ? true : false,\r\n                    slidesToScroll  : parseInt(slider_conf.slidesToScroll),\r\n                    centerPadding   : '15px',\r\n                    autoplaySpeed   : parseInt(slider_conf.autoplaySpeed),\r\n                    pauseOnHover    : (slider_conf.pauseOnHover) == \"true\" ? true : false,\r\n                    loop : false,\r\n\r\n                    responsive: [{\r\n                        breakpoint: 1200,\r\n                        settings: {\r\n                            slidesToShow: parseInt(slider_conf.col_md),\r\n                        }\r\n                    }, \r\n                    {\r\n                        breakpoint: 992,\r\n                        settings: {\r\n                            slidesToShow: parseInt(slider_conf.col_sm),\r\n                        }\r\n                    }, \r\n                    {\r\n                        breakpoint: 768,\r\n                        settings: {\r\n                            arrows: false,\r\n                            slidesToShow: parseInt(slider_conf.col_xs),\r\n                        }\r\n                    }, ]\r\n                    });\r\n                }\r\n               \r\n                });\r\n            });\r\n            <\/script>\r\n        \t\t\t\t<\/div>\n\t\t\t\t<\/div>\n\t\t\t\t\t<\/div>\n\t\t\t\t<\/div>\n\t\t\t\t<\/div>\n\t\t","protected":false},"excerpt":{"rendered":"<p>Origin SurrogacyUna certificaci\u00f3n internacional Contamos con una serie de certificaciones m\u00e9dicas internacionales autorizadas, incluyendo la asociaci\u00f3n americana de pat\u00f3logos, agencias de salud y servicios humanos, el consejo americano de acreditaci\u00f3n de laboratorios cl\u00ednicos, la asociaci\u00f3n de tecnolog\u00edas de reproducci\u00f3n asistida, la asociaci\u00f3n de acreditaci\u00f3n de atenci\u00f3n m\u00e9dica m\u00f3vil y la asociaci\u00f3n americana de bancos de&#8230;<\/p>\n","protected":false},"author":1,"featured_media":0,"parent":0,"menu_order":0,"comment_status":"closed","ping_status":"closed","template":"","meta":{"footnotes":""},"class_list":["post-15407","page","type-page","status-publish","hentry"],"_links":{"self":[{"href":"https:\/\/originsurrogacy.com\/es\/wp-json\/wp\/v2\/pages\/15407","targetHints":{"allow":["GET"]}}],"collection":[{"href":"https:\/\/originsurrogacy.com\/es\/wp-json\/wp\/v2\/pages"}],"about":[{"href":"https:\/\/originsurrogacy.com\/es\/wp-json\/wp\/v2\/types\/page"}],"author":[{"embeddable":true,"href":"https:\/\/originsurrogacy.com\/es\/wp-json\/wp\/v2\/users\/1"}],"replies":[{"embeddable":true,"href":"https:\/\/originsurrogacy.com\/es\/wp-json\/wp\/v2\/comments?post=15407"}],"version-history":[{"count":1,"href":"https:\/\/originsurrogacy.com\/es\/wp-json\/wp\/v2\/pages\/15407\/revisions"}],"predecessor-version":[{"id":15408,"href":"https:\/\/originsurrogacy.com\/es\/wp-json\/wp\/v2\/pages\/15407\/revisions\/15408"}],"wp:attachment":[{"href":"https:\/\/originsurrogacy.com\/es\/wp-json\/wp\/v2\/media?parent=15407"}],"curies":[{"name":"wp","href":"https:\/\/api.w.org\/{rel}","templated":true}]}}