{"id":15409,"date":"2024-10-30T13:04:58","date_gmt":"2024-10-30T05:04:58","guid":{"rendered":"https:\/\/originsurrogacy.com\/presentacion-del-laboratorio\/"},"modified":"2024-11-08T10:24:16","modified_gmt":"2024-11-08T02:24:16","slug":"presentacion-del-laboratorio","status":"publish","type":"page","link":"https:\/\/originsurrogacy.com\/es\/presentacion-del-laboratorio\/","title":{"rendered":"Presentaci\u00f3n del laboratorio"},"content":{"rendered":"\t\t<div data-elementor-type=\"wp-page\" data-elementor-id=\"15409\" class=\"elementor elementor-15409 elementor-14452\" data-elementor-post-type=\"page\">\n\t\t\t\t<div class=\"elementor-element elementor-element-4d4de3df e-flex e-con-boxed e-con e-parent\" data-id=\"4d4de3df\" data-element_type=\"container\">\n\t\t\t\t\t<div class=\"e-con-inner\">\n\t\t\t\t<div class=\"elementor-element elementor-element-6b25d773 elementor-nav-menu__align-center elementor-nav-menu--dropdown-none elementor-widget elementor-widget-nav-menu\" data-id=\"6b25d773\" data-element_type=\"widget\" data-settings=\"{&quot;layout&quot;:&quot;horizontal&quot;,&quot;submenu_icon&quot;:{&quot;value&quot;:&quot;&lt;svg class=\\&quot;e-font-icon-svg e-fas-caret-down\\&quot; viewBox=\\&quot;0 0 320 512\\&quot; xmlns=\\&quot;http:\\\/\\\/www.w3.org\\\/2000\\\/svg\\&quot;&gt;&lt;path d=\\&quot;M31.3 192h257.3c17.8 0 26.7 21.5 14.1 34.1L174.1 354.8c-7.8 7.8-20.5 7.8-28.3 0L17.2 226.1C4.6 213.5 13.5 192 31.3 192z\\&quot;&gt;&lt;\\\/path&gt;&lt;\\\/svg&gt;&quot;,&quot;library&quot;:&quot;fa-solid&quot;}}\" data-widget_type=\"nav-menu.default\">\n\t\t\t\t<div class=\"elementor-widget-container\">\n\t\t\t\t\t\t\t\t<nav class=\"elementor-nav-menu--main elementor-nav-menu__container elementor-nav-menu--layout-horizontal e--pointer-none\">\n\t\t\t\t<ul id=\"menu-1-6b25d773\" class=\"elementor-nav-menu\"><li class=\"menu-item menu-item-type-custom menu-item-object-custom menu-item-14362\"><a href=\"\/about\" class=\"elementor-item\">\u95dc\u65bcOrigin Surrogacy<\/a><\/li>\n<li class=\"menu-item menu-item-type-custom menu-item-object-custom menu-item-14363\"><a href=\"\/characteristics\/\" class=\"elementor-item\">\u91ab\u9662\u7279\u8272<\/a><\/li>\n<li class=\"menu-item menu-item-type-custom menu-item-object-custom menu-item-14364\"><a href=\"\/certification\/\" class=\"elementor-item\">\u570b\u969b\u8a8d\u8b49<\/a><\/li>\n<li class=\"menu-item menu-item-type-custom menu-item-object-custom menu-item-14365\"><a href=\"\/lab\" class=\"elementor-item\">\u5be6\u9a57\u5ba4\u4ecb\u7d39<\/a><\/li>\n<\/ul>\t\t\t<\/nav>\n\t\t\t\t\t\t<nav class=\"elementor-nav-menu--dropdown elementor-nav-menu__container\" aria-hidden=\"true\">\n\t\t\t\t<ul id=\"menu-2-6b25d773\" class=\"elementor-nav-menu\"><li class=\"menu-item menu-item-type-custom menu-item-object-custom menu-item-14362\"><a href=\"\/about\" class=\"elementor-item\" tabindex=\"-1\">\u95dc\u65bcOrigin Surrogacy<\/a><\/li>\n<li class=\"menu-item menu-item-type-custom menu-item-object-custom menu-item-14363\"><a href=\"\/characteristics\/\" class=\"elementor-item\" tabindex=\"-1\">\u91ab\u9662\u7279\u8272<\/a><\/li>\n<li class=\"menu-item menu-item-type-custom menu-item-object-custom menu-item-14364\"><a href=\"\/certification\/\" class=\"elementor-item\" tabindex=\"-1\">\u570b\u969b\u8a8d\u8b49<\/a><\/li>\n<li class=\"menu-item menu-item-type-custom menu-item-object-custom menu-item-14365\"><a href=\"\/lab\" class=\"elementor-item\" tabindex=\"-1\">\u5be6\u9a57\u5ba4\u4ecb\u7d39<\/a><\/li>\n<\/ul>\t\t\t<\/nav>\n\t\t\t\t\t\t<\/div>\n\t\t\t\t<\/div>\n\t\t\t\t<div class=\"elementor-element elementor-element-55dcd083 elementor-widget-divider--view-line elementor-widget elementor-widget-divider\" data-id=\"55dcd083\" data-element_type=\"widget\" data-widget_type=\"divider.default\">\n\t\t\t\t<div class=\"elementor-widget-container\">\n\t\t\t\t\t\t\t<div class=\"elementor-divider\">\n\t\t\t<span class=\"elementor-divider-separator\">\n\t\t\t\t\t\t<\/span>\n\t\t<\/div>\n\t\t\t\t\t\t<\/div>\n\t\t\t\t<\/div>\n\t\t\t\t\t<\/div>\n\t\t\t\t<\/div>\n\t\t\t\t<section class=\"elementor-section elementor-top-section elementor-element elementor-element-5d58defe elementor-section-content-middle animated-slow elementor-section-boxed elementor-section-height-default elementor-section-height-default\" data-id=\"5d58defe\" data-element_type=\"section\" data-settings=\"{&quot;animation&quot;:&quot;none&quot;,&quot;animation_delay&quot;:1000}\">\n\t\t\t\t\t\t<div class=\"elementor-container elementor-column-gap-wide\">\n\t\t\t\t\t<div class=\"elementor-column elementor-col-100 elementor-top-column elementor-element elementor-element-14b3b0d4\" data-id=\"14b3b0d4\" data-element_type=\"column\">\n\t\t\t<div class=\"elementor-widget-wrap elementor-element-populated\">\n\t\t\t\t\t\t<div class=\"elementor-element elementor-element-7f8acd3c elementor-widget elementor-widget-rs-heading\" data-id=\"7f8acd3c\" data-element_type=\"widget\" data-widget_type=\"rs-heading.default\">\n\t\t\t\t<div class=\"elementor-widget-container\">\n\t\t\t\t\t        <div class=\"rs-heading default  \">\r\n        \t<div class=\"title-inner\">\r\n        \t\t      \t\t\r\n\t            <h2 class=\"title\"><span class=\"watermark\"><\/span>Origin Surrogacy<br>Presentaci\u00f3n del laboratorio<\/h2>\t        <\/div>\r\n\t                    \t<div class=\"description\">\r\n            \t\t<p>Contamos con m\u00e1s de <strong>15.000<\/strong> laboratorios de embriones y contamos con la certificaci\u00f3n <strong>CPA<\/strong> de laboratorio de m\u00e1s alto nivel internacional, con un alto nivel de laboratorio profesional para el cultivo de embriones de <strong>7,5<\/strong> d\u00edas. En <strong>10<\/strong> a\u00f1os hemos tenido m\u00e1s del <strong>80%<\/strong> de embarazos por subrogaci\u00f3n y m\u00e1s del <strong>87%<\/strong> de embarazos in vitro con \u00f3vulos donados. Los servicios de fertilidad asistida de una sola parada, desde la evaluaci\u00f3n de infertilidad, el tratamiento de fiv, el banco de \u00f3vulos de \u00e9lite y el emparejamiento de madres subrogadas, as\u00ed como la atenci\u00f3n especializada, la interpretaci\u00f3n m\u00e9dica y el equipo de asesores legales, son los factores clave que nos permiten alcanzar altas tasas de \u00e9xito.<\/p>\n            \t\t\r\n            \t<\/div>\r\n        \t        <\/div>\r\n\r\n        \t\t\t\t<\/div>\n\t\t\t\t<\/div>\n\t\t\t\t\t<\/div>\n\t\t<\/div>\n\t\t\t\t\t<\/div>\n\t\t<\/section>\n\t\t<div class=\"elementor-element elementor-element-1831252 e-flex e-con-boxed e-con e-parent\" data-id=\"1831252\" data-element_type=\"container\">\n\t\t\t\t\t<div class=\"e-con-inner\">\n\t\t<div class=\"elementor-element elementor-element-fd45047 e-con-full e-flex e-con e-child\" data-id=\"fd45047\" data-element_type=\"container\">\n\t\t\t\t<div class=\"elementor-element elementor-element-72b5af2 elementor-widget elementor-widget-heading\" data-id=\"72b5af2\" data-element_type=\"widget\" data-widget_type=\"heading.default\">\n\t\t\t\t<div class=\"elementor-widget-container\">\n\t\t\t\t\t<h2 class=\"elementor-heading-title elementor-size-default\">ventaja<\/h2>\t\t\t\t<\/div>\n\t\t\t\t<\/div>\n\t\t\t\t<div class=\"elementor-element elementor-element-2382e14 elementor-widget-divider--view-line elementor-widget elementor-widget-divider\" data-id=\"2382e14\" data-element_type=\"widget\" data-widget_type=\"divider.default\">\n\t\t\t\t<div class=\"elementor-widget-container\">\n\t\t\t\t\t\t\t<div class=\"elementor-divider\">\n\t\t\t<span class=\"elementor-divider-separator\">\n\t\t\t\t\t\t<\/span>\n\t\t<\/div>\n\t\t\t\t\t\t<\/div>\n\t\t\t\t<\/div>\n\t\t\t\t<div class=\"elementor-element elementor-element-6a719bc elementor-widget elementor-widget-text-editor\" data-id=\"6a719bc\" data-element_type=\"widget\" data-widget_type=\"text-editor.default\">\n\t\t\t\t<div class=\"elementor-widget-container\">\n\t\t\t\t\t\t\t\t\t<p>Varios factores externos pueden da\u00f1ar al embri\u00f3n en desarrollo. Pero con nuestros equipos hvac y filtros hepa especialmente dise\u00f1ados, es posible hacer circular el aire de una habitaci\u00f3n hasta 20 veces por hora. Esto reduce el riesgo de contaminaci\u00f3n. Como el laboratorio est\u00e1 en el sitio, no es necesario transportar embriones de una instalaci\u00f3n a otra, lo que reduce a\u00fan m\u00e1s el riesgo de contaminaci\u00f3n. Nuestro laboratorio est\u00e1 estrechamente monitoreado y solo el personal de laboratorio certificado tiene acceso, eliminando cualquier riesgo de seguridad.<\/p>\n\t\t\t\t\t\t\t\t<\/div>\n\t\t\t\t<\/div>\n\t\t\t\t<\/div>\n\t\t<div class=\"elementor-element elementor-element-f9b03ee e-con-full e-flex e-con e-child\" data-id=\"f9b03ee\" data-element_type=\"container\">\n\t\t\t\t<div class=\"elementor-element elementor-element-119d268 elementor-widget elementor-widget-heading\" data-id=\"119d268\" data-element_type=\"widget\" data-widget_type=\"heading.default\">\n\t\t\t\t<div class=\"elementor-widget-container\">\n\t\t\t\t\t<h2 class=\"elementor-heading-title elementor-size-default\">La \u00faltima tecnolog\u00eda<\/h2>\t\t\t\t<\/div>\n\t\t\t\t<\/div>\n\t\t\t\t<div class=\"elementor-element elementor-element-03ebbfd elementor-widget-divider--view-line elementor-widget elementor-widget-divider\" data-id=\"03ebbfd\" data-element_type=\"widget\" data-widget_type=\"divider.default\">\n\t\t\t\t<div class=\"elementor-widget-container\">\n\t\t\t\t\t\t\t<div class=\"elementor-divider\">\n\t\t\t<span class=\"elementor-divider-separator\">\n\t\t\t\t\t\t<\/span>\n\t\t<\/div>\n\t\t\t\t\t\t<\/div>\n\t\t\t\t<\/div>\n\t\t\t\t<div class=\"elementor-element elementor-element-e54b4de elementor-widget elementor-widget-text-editor\" data-id=\"e54b4de\" data-element_type=\"widget\" data-widget_type=\"text-editor.default\">\n\t\t\t\t<div class=\"elementor-widget-container\">\n\t\t\t\t\t\t\t\t\t<p>El manejo, la incubaci\u00f3n y el almacenamiento de embriones tambi\u00e9n est\u00e1n directamente relacionados con el \u00e9xito de todo el embarazo. Los laboratorios que siguen los \u00faltimos avances y pr\u00e1cticas de investigaci\u00f3n en embriolog\u00eda tendr\u00e1n mayores posibilidades de \u00e9xito. As\u00ed lo hace nuestro laboratorio, manejando cada embri\u00f3n con el m\u00e1ximo cuidado. El personal de laboratorio se esfuerza por mantener nuestros medios de cultivo, incubadoras y equipos de procesamiento para garantizar que todo funcione de manera eficiente.<\/p>\n\t\t\t\t\t\t\t\t<\/div>\n\t\t\t\t<\/div>\n\t\t\t\t<\/div>\n\t\t<div class=\"elementor-element elementor-element-3ab8028 e-con-full e-flex e-con e-child\" data-id=\"3ab8028\" data-element_type=\"container\">\n\t\t\t\t<div class=\"elementor-element elementor-element-d8256ef elementor-widget elementor-widget-heading\" data-id=\"d8256ef\" data-element_type=\"widget\" data-widget_type=\"heading.default\">\n\t\t\t\t<div class=\"elementor-widget-container\">\n\t\t\t\t\t<h2 class=\"elementor-heading-title elementor-size-default\">Director de laboratorio a tiempo completo<\/h2>\t\t\t\t<\/div>\n\t\t\t\t<\/div>\n\t\t\t\t<div class=\"elementor-element elementor-element-a50d7c8 elementor-widget-divider--view-line elementor-widget elementor-widget-divider\" data-id=\"a50d7c8\" data-element_type=\"widget\" data-widget_type=\"divider.default\">\n\t\t\t\t<div class=\"elementor-widget-container\">\n\t\t\t\t\t\t\t<div class=\"elementor-divider\">\n\t\t\t<span class=\"elementor-divider-separator\">\n\t\t\t\t\t\t<\/span>\n\t\t<\/div>\n\t\t\t\t\t\t<\/div>\n\t\t\t\t<\/div>\n\t\t\t\t<div class=\"elementor-element elementor-element-13bd5cd elementor-widget elementor-widget-text-editor\" data-id=\"13bd5cd\" data-element_type=\"widget\" data-widget_type=\"text-editor.default\">\n\t\t\t\t<div class=\"elementor-widget-container\">\n\t\t\t\t\t\t\t\t\t<p>Un aspecto clave de un programa de fiv exitoso es un laboratorio que funcione bien con un director de laboratorio de tiempo completo en el sitio. El Dr. Ohm es un director certificado de laboratorio cl\u00ednico de alta dificultad. Dirige un equipo de t\u00e9cnicos de laboratorio experimentados que garantizan un trabajo de la m\u00e1s alta calidad. Nuestro laboratorio utiliza equipos de \u00faltima generaci\u00f3n y se mantiene actualizado con todas las \u00faltimas tecnolog\u00edas. Esto garantiza una atenci\u00f3n \u00f3ptima al paciente. El Dr. Ohm y su equipo llevan a cabo un trabajo de laboratorio de fiv de extremo a extremo, incluyendo procedimientos altamente complejos como PGS (cribado gen\u00e9tico previo a la transferencia de embriones), ICSI (inyecci\u00f3n de monosperma intracitoplasm\u00e1tico de huevos), preservaci\u00f3n de la fertilidad y transferencia de blastocisto.<\/p>\n\t\t\t\t\t\t\t\t<\/div>\n\t\t\t\t<\/div>\n\t\t\t\t<\/div>\n\t\t<div class=\"elementor-element elementor-element-693bf8f e-con-full e-flex e-con e-child\" data-id=\"693bf8f\" data-element_type=\"container\">\n\t\t\t\t<div class=\"elementor-element elementor-element-b927c91 elementor-widget elementor-widget-heading\" data-id=\"b927c91\" data-element_type=\"widget\" data-widget_type=\"heading.default\">\n\t\t\t\t<div class=\"elementor-widget-container\">\n\t\t\t\t\t<h2 class=\"elementor-heading-title elementor-size-default\">El laboratorio de fiv m\u00e1s avanzado - el laboratorio m\u00e1s destacado de oregon<\/h2>\t\t\t\t<\/div>\n\t\t\t\t<\/div>\n\t\t\t\t<div class=\"elementor-element elementor-element-5837151 elementor-widget-divider--view-line elementor-widget elementor-widget-divider\" data-id=\"5837151\" data-element_type=\"widget\" data-widget_type=\"divider.default\">\n\t\t\t\t<div class=\"elementor-widget-container\">\n\t\t\t\t\t\t\t<div class=\"elementor-divider\">\n\t\t\t<span class=\"elementor-divider-separator\">\n\t\t\t\t\t\t<\/span>\n\t\t<\/div>\n\t\t\t\t\t\t<\/div>\n\t\t\t\t<\/div>\n\t\t\t\t<div class=\"elementor-element elementor-element-5bfe317 elementor-widget elementor-widget-text-editor\" data-id=\"5bfe317\" data-element_type=\"widget\" data-widget_type=\"text-editor.default\">\n\t\t\t\t<div class=\"elementor-widget-container\">\n\t\t\t\t\t\t\t\t\t<p>En Origin Surrogacy, lideramos la industria minimizando el riesgo y maximizando el \u00e9xito. Con la ayuda de los laboratorios m\u00e1s avanzados y expertos embri\u00f3logos, somos capaces de lograr este objetivo. Tenga la seguridad de que sus bienes m\u00e1s valiosos ser\u00e1n tratados con la mayor seriedad y profesionalidad.<\/p>\n\t\t\t\t\t\t\t\t<\/div>\n\t\t\t\t<\/div>\n\t\t\t\t<\/div>\n\t\t\t\t\t<\/div>\n\t\t\t\t<\/div>\n\t\t\t\t<\/div>\n\t\t","protected":false},"excerpt":{"rendered":"<p>Origin SurrogacyPresentaci\u00f3n del laboratorio Contamos con m\u00e1s de 15.000 laboratorios de embriones y contamos con la certificaci\u00f3n CPA de laboratorio de m\u00e1s alto nivel internacional, con un alto nivel de laboratorio profesional para el cultivo de embriones de 7,5 d\u00edas. En 10 a\u00f1os hemos tenido m\u00e1s del 80% de embarazos por subrogaci\u00f3n y m\u00e1s del&#8230;<\/p>\n","protected":false},"author":1,"featured_media":0,"parent":0,"menu_order":0,"comment_status":"closed","ping_status":"closed","template":"","meta":{"footnotes":""},"class_list":["post-15409","page","type-page","status-publish","hentry"],"_links":{"self":[{"href":"https:\/\/originsurrogacy.com\/es\/wp-json\/wp\/v2\/pages\/15409","targetHints":{"allow":["GET"]}}],"collection":[{"href":"https:\/\/originsurrogacy.com\/es\/wp-json\/wp\/v2\/pages"}],"about":[{"href":"https:\/\/originsurrogacy.com\/es\/wp-json\/wp\/v2\/types\/page"}],"author":[{"embeddable":true,"href":"https:\/\/originsurrogacy.com\/es\/wp-json\/wp\/v2\/users\/1"}],"replies":[{"embeddable":true,"href":"https:\/\/originsurrogacy.com\/es\/wp-json\/wp\/v2\/comments?post=15409"}],"version-history":[{"count":1,"href":"https:\/\/originsurrogacy.com\/es\/wp-json\/wp\/v2\/pages\/15409\/revisions"}],"predecessor-version":[{"id":15410,"href":"https:\/\/originsurrogacy.com\/es\/wp-json\/wp\/v2\/pages\/15409\/revisions\/15410"}],"wp:attachment":[{"href":"https:\/\/originsurrogacy.com\/es\/wp-json\/wp\/v2\/media?parent=15409"}],"curies":[{"name":"wp","href":"https:\/\/api.w.org\/{rel}","templated":true}]}}