{"id":15415,"date":"2023-07-18T20:45:57","date_gmt":"2023-07-18T12:45:57","guid":{"rendered":"https:\/\/originsurrogacy.com\/proyectos-de-servicios\/"},"modified":"2024-11-08T10:29:09","modified_gmt":"2024-11-08T02:29:09","slug":"proyectos-de-servicios","status":"publish","type":"page","link":"https:\/\/originsurrogacy.com\/es\/proyectos-de-servicios\/","title":{"rendered":"Proyectos de servicios"},"content":{"rendered":"\t\t<div data-elementor-type=\"wp-page\" data-elementor-id=\"15415\" class=\"elementor elementor-15415 elementor-13468\" data-elementor-post-type=\"page\">\n\t\t\t\t<div class=\"elementor-element elementor-element-4d585650 e-flex e-con-boxed e-con e-parent\" data-id=\"4d585650\" data-element_type=\"container\">\n\t\t\t\t\t<div class=\"e-con-inner\">\n\t\t\t\t<div class=\"elementor-element elementor-element-602e4e3c elementor-nav-menu__align-center elementor-nav-menu--dropdown-none elementor-widget elementor-widget-nav-menu\" data-id=\"602e4e3c\" data-element_type=\"widget\" data-settings=\"{&quot;layout&quot;:&quot;horizontal&quot;,&quot;submenu_icon&quot;:{&quot;value&quot;:&quot;&lt;svg class=\\&quot;e-font-icon-svg e-fas-caret-down\\&quot; viewBox=\\&quot;0 0 320 512\\&quot; xmlns=\\&quot;http:\\\/\\\/www.w3.org\\\/2000\\\/svg\\&quot;&gt;&lt;path d=\\&quot;M31.3 192h257.3c17.8 0 26.7 21.5 14.1 34.1L174.1 354.8c-7.8 7.8-20.5 7.8-28.3 0L17.2 226.1C4.6 213.5 13.5 192 31.3 192z\\&quot;&gt;&lt;\\\/path&gt;&lt;\\\/svg&gt;&quot;,&quot;library&quot;:&quot;fa-solid&quot;}}\" data-widget_type=\"nav-menu.default\">\n\t\t\t\t<div class=\"elementor-widget-container\">\n\t\t\t\t\t\t\t\t<nav class=\"elementor-nav-menu--main elementor-nav-menu__container elementor-nav-menu--layout-horizontal e--pointer-none\">\n\t\t\t\t<ul id=\"menu-1-602e4e3c\" class=\"elementor-nav-menu\"><li class=\"menu-item menu-item-type-custom menu-item-object-custom menu-item-14469\"><a href=\"\/services\/surrogacy\" class=\"elementor-item\">\u4ee3\u5b55\u670d\u52d9<\/a><\/li>\n<li class=\"menu-item menu-item-type-custom menu-item-object-custom menu-item-14470\"><a href=\"\/services\/frozen-eggs\/\" class=\"elementor-item\">\u51cd\u5375<\/a><\/li>\n<li class=\"menu-item menu-item-type-custom menu-item-object-custom menu-item-14471\"><a href=\"\/services\/ivf\" class=\"elementor-item\">\u8a66\u7ba1\u5b30\u5152(IVF)<\/a><\/li>\n<li class=\"menu-item menu-item-type-custom menu-item-object-custom menu-item-14472\"><a href=\"\/services\/egg-bank\/\" class=\"elementor-item\">\u5375\u5b50\u5eab<\/a><\/li>\n<\/ul>\t\t\t<\/nav>\n\t\t\t\t\t\t<nav class=\"elementor-nav-menu--dropdown elementor-nav-menu__container\" aria-hidden=\"true\">\n\t\t\t\t<ul id=\"menu-2-602e4e3c\" class=\"elementor-nav-menu\"><li class=\"menu-item menu-item-type-custom menu-item-object-custom menu-item-14469\"><a href=\"\/services\/surrogacy\" class=\"elementor-item\" tabindex=\"-1\">\u4ee3\u5b55\u670d\u52d9<\/a><\/li>\n<li class=\"menu-item menu-item-type-custom menu-item-object-custom menu-item-14470\"><a href=\"\/services\/frozen-eggs\/\" class=\"elementor-item\" tabindex=\"-1\">\u51cd\u5375<\/a><\/li>\n<li class=\"menu-item menu-item-type-custom menu-item-object-custom menu-item-14471\"><a href=\"\/services\/ivf\" class=\"elementor-item\" tabindex=\"-1\">\u8a66\u7ba1\u5b30\u5152(IVF)<\/a><\/li>\n<li class=\"menu-item menu-item-type-custom menu-item-object-custom menu-item-14472\"><a href=\"\/services\/egg-bank\/\" class=\"elementor-item\" tabindex=\"-1\">\u5375\u5b50\u5eab<\/a><\/li>\n<\/ul>\t\t\t<\/nav>\n\t\t\t\t\t\t<\/div>\n\t\t\t\t<\/div>\n\t\t\t\t<div class=\"elementor-element elementor-element-71e6a674 elementor-widget-divider--view-line elementor-widget elementor-widget-divider\" data-id=\"71e6a674\" data-element_type=\"widget\" data-widget_type=\"divider.default\">\n\t\t\t\t<div class=\"elementor-widget-container\">\n\t\t\t\t\t\t\t<div class=\"elementor-divider\">\n\t\t\t<span class=\"elementor-divider-separator\">\n\t\t\t\t\t\t<\/span>\n\t\t<\/div>\n\t\t\t\t\t\t<\/div>\n\t\t\t\t<\/div>\n\t\t\t\t\t<\/div>\n\t\t\t\t<\/div>\n\t\t\t\t<section class=\"elementor-section elementor-inner-section elementor-element elementor-element-6c78c7e8 elementor-section-boxed elementor-section-height-default elementor-section-height-default\" data-id=\"6c78c7e8\" data-element_type=\"section\">\n\t\t\t\t\t\t<div class=\"elementor-container elementor-column-gap-wider\">\n\t\t\t\t\t<div class=\"elementor-column elementor-col-25 elementor-inner-column elementor-element elementor-element-9f2a4fe\" data-id=\"9f2a4fe\" data-element_type=\"column\" data-settings=\"{&quot;background_background&quot;:&quot;classic&quot;}\">\n\t\t\t<div class=\"elementor-widget-wrap elementor-element-populated\">\n\t\t\t\t\t<div class=\"elementor-background-overlay\"><\/div>\n\t\t\t\t\t\t<div class=\"elementor-element elementor-element-7b43a182 elementor-widget elementor-widget-rs-iconbox\" data-id=\"7b43a182\" data-element_type=\"widget\" data-widget_type=\"rs-iconbox.default\">\n\t\t\t\t<div class=\"elementor-widget-container\">\n\t\t\t\t\t\t\r\n\t\t<div class=\"rs-iconbox-area \">\r\n\t\t    <div class=\"box-inner\">\r\n\r\n\t\t    \t\r\n\t\t    \t\t\t\t    \t\r\n\t\t\t    \t\t<div class=\"icon-area \">\r\n\t\t\t\t    \t\t\r\n\t\t\t\t    \t\t\t\t\t\t    \t\t\t\t\t\t\t    \t\t\t\t<a href=\"\/services\/surrogacy\"><img decoding=\"async\" src=\"https:\/\/originsurrogacy.com\/wp-content\/uploads\/2024\/10\/\u5168\u68c9\u65f6\u4ee3-\u5b55\u5987.png\" alt=\"image\"\/><\/a>\r\n\t\t\t\t    \t\t\t\t\t\t\t    \t\t\t\t\t    \t\t<\/div>\r\n\t\t\t    \t  \r\n\t\t    \t \r\n\r\n\t\t\t    <div class=\"text-area\">\r\n\t\t\t    \t\t\t\t\t    \t<div class=\"iconbox-title\">\r\n\t\t\t\t    \t\t\t\r\n\t\t\t\t    \t\t\t\t\t\t\t    \t\t\t\r\n\t\t\t\t    \t\t<h3 class=\"title\"> \r\n\t\t\t\t    \t\t\t\t\t\t    \t\t\t<a href=\"\/services\/surrogacy\"  >Servicios de subrogaci\u00f3n<\/a>\r\n\t\t\t\t    \t\t\t\t\t\t    \t\t<\/h3>\r\n\r\n\t\t\t\t    \t\t\t\t\t\t    \t\t\r\n\t\t\t\t    \t<\/div>\r\n\r\n\t\t\t    \t\t\r\n\t\t\t    \t\t\t\t    \t\t<p class=\"services-txt\">  <p>La subrogaci\u00f3n es la manera de completar el embarazo a trav\u00e9s de un tercero. Es para personas que no pueden concebir por s\u00ed mismas, como solteros, parejas del mismo sexo, etc.<\/p>\n<\/p>\t\r\n\t\t\t    \t\t\r\n\t\t\t    <\/div>\r\n\r\n\t\t\t    \t\t\t        \t    \t\t    \t<div class=\"services-btn-part\">\r\n\t    \t\t    \t\t\r\n\t    \t\t    \t\t\t    \t\t    \t\t\t<a class=\"services-btn icon-after\" href=\"\/daiyun\" >\r\n\t    \t\t    \t\t\t\t<span class=\"btn-txt\">Ver m\u00e1s sobre<\/span>\r\n\t    \t\t    \t\t\t\t\t    \t\t    \t\t\t\t\t<i class=\"fa fa fa-angle-right\"><\/i>\r\n\t    \t\t    \t\t\t\t\t    \t\t    \t\t\t<\/a>\r\n\t    \t\t    \t\t\t    \t\t    \t<\/div>\r\n\t    \t    \t    \t    \t    \t    \t\r\n\r\n\r\n\t\t\t    \r\n\t\t\t<\/div>\r\n\t\t<\/div>\t\r\n\t\t\t\t\t<\/div>\n\t\t\t\t<\/div>\n\t\t\t\t\t<\/div>\n\t\t<\/div>\n\t\t\t\t<div class=\"elementor-column elementor-col-25 elementor-inner-column elementor-element elementor-element-2a6d6eca\" data-id=\"2a6d6eca\" data-element_type=\"column\" data-settings=\"{&quot;background_background&quot;:&quot;gradient&quot;}\">\n\t\t\t<div class=\"elementor-widget-wrap elementor-element-populated\">\n\t\t\t\t\t<div class=\"elementor-background-overlay\"><\/div>\n\t\t\t\t\t\t<div class=\"elementor-element elementor-element-60b0fd48 elementor-widget elementor-widget-rs-iconbox\" data-id=\"60b0fd48\" data-element_type=\"widget\" data-widget_type=\"rs-iconbox.default\">\n\t\t\t\t<div class=\"elementor-widget-container\">\n\t\t\t\t\t\t\r\n\t\t<div class=\"rs-iconbox-area \">\r\n\t\t    <div class=\"box-inner\">\r\n\r\n\t\t    \t\r\n\t\t    \t\t\t\t    \t\r\n\t\t\t    \t\t<div class=\"icon-area \">\r\n\t\t\t\t    \t\t\r\n\t\t\t\t    \t\t\t\t\t\t    \t\t\t\t\t\t\t    \t\t\t\t<a href=\"\/services\/frozen-eggs\/\"><img decoding=\"async\" src=\"https:\/\/originsurrogacy.com\/wp-content\/uploads\/2024\/10\/\u5375\u5b50\u51b7\u51bb.png\" alt=\"image\"\/><\/a>\r\n\t\t\t\t    \t\t\t\t\t\t\t    \t\t\t\t\t    \t\t<\/div>\r\n\t\t\t    \t  \r\n\t\t    \t \r\n\r\n\t\t\t    <div class=\"text-area\">\r\n\t\t\t    \t\t\t\t\t    \t<div class=\"iconbox-title\">\r\n\t\t\t\t    \t\t\t\r\n\t\t\t\t    \t\t\t\t\t\t\t    \t\t\t\r\n\t\t\t\t    \t\t<h3 class=\"title\"> \r\n\t\t\t\t    \t\t\t\t\t\t    \t\t\t<a href=\"\/services\/frozen-eggs\/\"  >Huevos de becerro<\/a>\r\n\t\t\t\t    \t\t\t\t\t\t    \t\t<\/h3>\r\n\r\n\t\t\t\t    \t\t\t\t\t\t    \t\t\r\n\t\t\t\t    \t<\/div>\r\n\r\n\t\t\t    \t\t\r\n\t\t\t    \t\t\t\t    \t\t<p class=\"services-txt\">  <p>La t\u00e9cnica de congelaci\u00f3n de huevos permite a las mujeres almacenar sus \u00f3vulos a una edad adecuada, ofreciendo m\u00e1s posibilidades para futuros planes de fertilidad.<\/p>\n<\/p>\t\r\n\t\t\t    \t\t\r\n\t\t\t    <\/div>\r\n\r\n\t\t\t    \t\t\t        \t    \t\t    \t<div class=\"services-btn-part\">\r\n\t    \t\t    \t\t\r\n\t    \t\t    \t\t\t    \t\t    \t\t\t<a class=\"services-btn icon-after\" href=\"\/dongluan\" >\r\n\t    \t\t    \t\t\t\t<span class=\"btn-txt\">Ver m\u00e1s sobre<\/span>\r\n\t    \t\t    \t\t\t\t\t    \t\t    \t\t\t\t\t<i class=\"fa fa fa-angle-right\"><\/i>\r\n\t    \t\t    \t\t\t\t\t    \t\t    \t\t\t<\/a>\r\n\t    \t\t    \t\t\t    \t\t    \t<\/div>\r\n\t    \t    \t    \t    \t    \t    \t\r\n\r\n\r\n\t\t\t    \r\n\t\t\t<\/div>\r\n\t\t<\/div>\t\r\n\t\t\t\t\t<\/div>\n\t\t\t\t<\/div>\n\t\t\t\t\t<\/div>\n\t\t<\/div>\n\t\t\t\t<div class=\"elementor-column elementor-col-25 elementor-inner-column elementor-element elementor-element-70ee571f\" data-id=\"70ee571f\" data-element_type=\"column\">\n\t\t\t<div class=\"elementor-widget-wrap elementor-element-populated\">\n\t\t\t\t\t\t<div class=\"elementor-element elementor-element-7eed7b50 elementor-widget elementor-widget-rs-iconbox\" data-id=\"7eed7b50\" data-element_type=\"widget\" data-widget_type=\"rs-iconbox.default\">\n\t\t\t\t<div class=\"elementor-widget-container\">\n\t\t\t\t\t\t\r\n\t\t<div class=\"rs-iconbox-area \">\r\n\t\t    <div class=\"box-inner\">\r\n\r\n\t\t    \t\r\n\t\t    \t\t\t\t    \t\r\n\t\t\t    \t\t<div class=\"icon-area \">\r\n\t\t\t\t    \t\t\r\n\t\t\t\t    \t\t\t\t\t\t    \t\t\t\t\t\t\t    \t\t\t\t<a href=\"\/services\/ivf\"><img decoding=\"async\" src=\"https:\/\/originsurrogacy.com\/wp-content\/uploads\/2024\/10\/\u8bd5\u7ba1\u5a74\u513f-1.png\" alt=\"image\"\/><\/a>\r\n\t\t\t\t    \t\t\t\t\t\t\t    \t\t\t\t\t    \t\t<\/div>\r\n\t\t\t    \t  \r\n\t\t    \t \r\n\r\n\t\t\t    <div class=\"text-area\">\r\n\t\t\t    \t\t\t\t\t    \t<div class=\"iconbox-title\">\r\n\t\t\t\t    \t\t\t\r\n\t\t\t\t    \t\t\t\t\t\t\t    \t\t\t\r\n\t\t\t\t    \t\t<h3 class=\"title\"> \r\n\t\t\t\t    \t\t\t\t\t\t    \t\t\t<a href=\"\/services\/ivf\"  >Fiv (fiv)<\/a>\r\n\t\t\t\t    \t\t\t\t\t\t    \t\t<\/h3>\r\n\r\n\t\t\t\t    \t\t\t\t\t\t    \t\t\r\n\t\t\t\t    \t<\/div>\r\n\r\n\t\t\t    \t\t\r\n\t\t\t    \t\t\t\t    \t\t<p class=\"services-txt\">  <p>La fertilizaci\u00f3n in vitro (fiv) es una t\u00e9cnica que combina un \u00f3vulo con un espermatozoide en un laboratorio para formar un embri\u00f3n antes de implantarlo en el \u00fatero materno.<\/p>\n<\/p>\t\r\n\t\t\t    \t\t\r\n\t\t\t    <\/div>\r\n\r\n\t\t\t    \t\t\t        \t    \t\t    \t<div class=\"services-btn-part\">\r\n\t    \t\t    \t\t\r\n\t    \t\t    \t\t\t    \t\t    \t\t\t<a class=\"services-btn icon-after\" href=\"\/ivf\" >\r\n\t    \t\t    \t\t\t\t<span class=\"btn-txt\">Ver m\u00e1s sobre<\/span>\r\n\t    \t\t    \t\t\t\t\t    \t\t    \t\t\t\t\t<i class=\"fa fa fa-angle-right\"><\/i>\r\n\t    \t\t    \t\t\t\t\t    \t\t    \t\t\t<\/a>\r\n\t    \t\t    \t\t\t    \t\t    \t<\/div>\r\n\t    \t    \t    \t    \t    \t    \t\r\n\r\n\r\n\t\t\t    \r\n\t\t\t<\/div>\r\n\t\t<\/div>\t\r\n\t\t\t\t\t<\/div>\n\t\t\t\t<\/div>\n\t\t\t\t\t<\/div>\n\t\t<\/div>\n\t\t\t\t<div class=\"elementor-column elementor-col-25 elementor-inner-column elementor-element elementor-element-29c5d98a\" data-id=\"29c5d98a\" data-element_type=\"column\">\n\t\t\t<div class=\"elementor-widget-wrap elementor-element-populated\">\n\t\t\t\t\t\t<div class=\"elementor-element elementor-element-4aeb927f elementor-widget elementor-widget-rs-iconbox\" data-id=\"4aeb927f\" data-element_type=\"widget\" data-widget_type=\"rs-iconbox.default\">\n\t\t\t\t<div class=\"elementor-widget-container\">\n\t\t\t\t\t\t\r\n\t\t<div class=\"rs-iconbox-area \">\r\n\t\t    <div class=\"box-inner\">\r\n\r\n\t\t    \t\r\n\t\t    \t\t\t\t    \t\r\n\t\t\t    \t\t<div class=\"icon-area \">\r\n\t\t\t\t    \t\t\r\n\t\t\t\t    \t\t\t\t\t\t    \t\t\t\t\t\t\t    \t\t\t\t<a href=\"\/services\/egg-bank\/\"><img decoding=\"async\" src=\"https:\/\/originsurrogacy.com\/wp-content\/uploads\/2024\/10\/\u5375.png\" alt=\"image\"\/><\/a>\r\n\t\t\t\t    \t\t\t\t\t\t\t    \t\t\t\t\t    \t\t<\/div>\r\n\t\t\t    \t  \r\n\t\t    \t \r\n\r\n\t\t\t    <div class=\"text-area\">\r\n\t\t\t    \t\t\t\t\t    \t<div class=\"iconbox-title\">\r\n\t\t\t\t    \t\t\t\r\n\t\t\t\t    \t\t\t\t\t\t\t    \t\t\t\r\n\t\t\t\t    \t\t<h3 class=\"title\"> \r\n\t\t\t\t    \t\t\t\t\t\t    \t\t\t<a href=\"\/services\/egg-bank\/\"  >Banco de \u00f3vulos<\/a>\r\n\t\t\t\t    \t\t\t\t\t\t    \t\t<\/h3>\r\n\r\n\t\t\t\t    \t\t\t\t\t\t    \t\t\r\n\t\t\t\t    \t<\/div>\r\n\r\n\t\t\t    \t\t\r\n\t\t\t    \t\t\t\t    \t\t<p class=\"services-txt\">  <p>Origin Surrogacy se ha asociado con los principales bancos de \u00f3vulos de Estados Unidos para ofrecer una gran variedad de recursos de \u00f3vulos de calidad.<\/p>\n<\/p>\t\r\n\t\t\t    \t\t\r\n\t\t\t    <\/div>\r\n\r\n\t\t\t    \t\t\t        \t    \t\t    \t<div class=\"services-btn-part\">\r\n\t    \t\t    \t\t\r\n\t    \t\t    \t\t\t    \t\t    \t\t\t<a class=\"services-btn icon-after\" href=\"\/luanziku\" >\r\n\t    \t\t    \t\t\t\t<span class=\"btn-txt\">Ver m\u00e1s sobre<\/span>\r\n\t    \t\t    \t\t\t\t\t    \t\t    \t\t\t\t\t<i class=\"fa fa fa-angle-right\"><\/i>\r\n\t    \t\t    \t\t\t\t\t    \t\t    \t\t\t<\/a>\r\n\t    \t\t    \t\t\t    \t\t    \t<\/div>\r\n\t    \t    \t    \t    \t    \t    \t\r\n\r\n\r\n\t\t\t    \r\n\t\t\t<\/div>\r\n\t\t<\/div>\t\r\n\t\t\t\t\t<\/div>\n\t\t\t\t<\/div>\n\t\t\t\t\t<\/div>\n\t\t<\/div>\n\t\t\t\t\t<\/div>\n\t\t<\/section>\n\t\t\t\t<\/div>\n\t\t","protected":false},"excerpt":{"rendered":"<p>Servicios de subrogaci\u00f3n La subrogaci\u00f3n es la manera de completar el embarazo a trav\u00e9s de un tercero. Es para personas que no pueden concebir por s\u00ed mismas, como solteros, parejas del mismo sexo, etc. Ver m\u00e1s sobre Huevos de becerro La t\u00e9cnica de congelaci\u00f3n de huevos permite a las mujeres almacenar sus \u00f3vulos a una&#8230;<\/p>\n","protected":false},"author":1,"featured_media":0,"parent":0,"menu_order":0,"comment_status":"closed","ping_status":"closed","template":"","meta":{"footnotes":""},"class_list":["post-15415","page","type-page","status-publish","hentry"],"_links":{"self":[{"href":"https:\/\/originsurrogacy.com\/es\/wp-json\/wp\/v2\/pages\/15415","targetHints":{"allow":["GET"]}}],"collection":[{"href":"https:\/\/originsurrogacy.com\/es\/wp-json\/wp\/v2\/pages"}],"about":[{"href":"https:\/\/originsurrogacy.com\/es\/wp-json\/wp\/v2\/types\/page"}],"author":[{"embeddable":true,"href":"https:\/\/originsurrogacy.com\/es\/wp-json\/wp\/v2\/users\/1"}],"replies":[{"embeddable":true,"href":"https:\/\/originsurrogacy.com\/es\/wp-json\/wp\/v2\/comments?post=15415"}],"version-history":[{"count":1,"href":"https:\/\/originsurrogacy.com\/es\/wp-json\/wp\/v2\/pages\/15415\/revisions"}],"predecessor-version":[{"id":15416,"href":"https:\/\/originsurrogacy.com\/es\/wp-json\/wp\/v2\/pages\/15415\/revisions\/15416"}],"wp:attachment":[{"href":"https:\/\/originsurrogacy.com\/es\/wp-json\/wp\/v2\/media?parent=15415"}],"curies":[{"name":"wp","href":"https:\/\/api.w.org\/{rel}","templated":true}]}}