{"id":15442,"date":"2024-10-30T10:29:26","date_gmt":"2024-10-30T02:29:26","guid":{"rendered":"https:\/\/originsurrogacy.com\/caracteristicas-del-hospital\/"},"modified":"2024-11-08T11:22:39","modified_gmt":"2024-11-08T03:22:39","slug":"caracteristicas-del-hospital","status":"publish","type":"page","link":"https:\/\/originsurrogacy.com\/es\/caracteristicas-del-hospital\/","title":{"rendered":"Caracter\u00edsticas del hospital"},"content":{"rendered":"\t\t<div data-elementor-type=\"wp-page\" data-elementor-id=\"15442\" class=\"elementor elementor-15442 elementor-14394\" data-elementor-post-type=\"page\">\n\t\t\t\t<div class=\"elementor-element elementor-element-5a0d4969 e-flex e-con-boxed e-con e-parent\" data-id=\"5a0d4969\" data-element_type=\"container\">\n\t\t\t\t\t<div class=\"e-con-inner\">\n\t\t\t\t<div class=\"elementor-element elementor-element-6da5a81e elementor-nav-menu__align-center elementor-nav-menu--dropdown-none elementor-widget elementor-widget-nav-menu\" data-id=\"6da5a81e\" data-element_type=\"widget\" data-settings=\"{&quot;layout&quot;:&quot;horizontal&quot;,&quot;submenu_icon&quot;:{&quot;value&quot;:&quot;&lt;svg class=\\&quot;e-font-icon-svg e-fas-caret-down\\&quot; viewBox=\\&quot;0 0 320 512\\&quot; xmlns=\\&quot;http:\\\/\\\/www.w3.org\\\/2000\\\/svg\\&quot;&gt;&lt;path d=\\&quot;M31.3 192h257.3c17.8 0 26.7 21.5 14.1 34.1L174.1 354.8c-7.8 7.8-20.5 7.8-28.3 0L17.2 226.1C4.6 213.5 13.5 192 31.3 192z\\&quot;&gt;&lt;\\\/path&gt;&lt;\\\/svg&gt;&quot;,&quot;library&quot;:&quot;fa-solid&quot;}}\" data-widget_type=\"nav-menu.default\">\n\t\t\t\t<div class=\"elementor-widget-container\">\n\t\t\t\t\t\t\t\t<nav class=\"elementor-nav-menu--main elementor-nav-menu__container elementor-nav-menu--layout-horizontal e--pointer-none\">\n\t\t\t\t<ul id=\"menu-1-6da5a81e\" class=\"elementor-nav-menu\"><li class=\"menu-item menu-item-type-custom menu-item-object-custom menu-item-14362\"><a href=\"\/about\" class=\"elementor-item\">\u95dc\u65bcOrigin Surrogacy<\/a><\/li>\n<li class=\"menu-item menu-item-type-custom menu-item-object-custom menu-item-14363\"><a href=\"\/characteristics\/\" class=\"elementor-item\">\u91ab\u9662\u7279\u8272<\/a><\/li>\n<li class=\"menu-item menu-item-type-custom menu-item-object-custom menu-item-14364\"><a href=\"\/certification\/\" class=\"elementor-item\">\u570b\u969b\u8a8d\u8b49<\/a><\/li>\n<li class=\"menu-item menu-item-type-custom menu-item-object-custom menu-item-14365\"><a href=\"\/lab\" class=\"elementor-item\">\u5be6\u9a57\u5ba4\u4ecb\u7d39<\/a><\/li>\n<\/ul>\t\t\t<\/nav>\n\t\t\t\t\t\t<nav class=\"elementor-nav-menu--dropdown elementor-nav-menu__container\" aria-hidden=\"true\">\n\t\t\t\t<ul id=\"menu-2-6da5a81e\" class=\"elementor-nav-menu\"><li class=\"menu-item menu-item-type-custom menu-item-object-custom menu-item-14362\"><a href=\"\/about\" class=\"elementor-item\" tabindex=\"-1\">\u95dc\u65bcOrigin Surrogacy<\/a><\/li>\n<li class=\"menu-item menu-item-type-custom menu-item-object-custom menu-item-14363\"><a href=\"\/characteristics\/\" class=\"elementor-item\" tabindex=\"-1\">\u91ab\u9662\u7279\u8272<\/a><\/li>\n<li class=\"menu-item menu-item-type-custom menu-item-object-custom menu-item-14364\"><a href=\"\/certification\/\" class=\"elementor-item\" tabindex=\"-1\">\u570b\u969b\u8a8d\u8b49<\/a><\/li>\n<li class=\"menu-item menu-item-type-custom menu-item-object-custom menu-item-14365\"><a href=\"\/lab\" class=\"elementor-item\" tabindex=\"-1\">\u5be6\u9a57\u5ba4\u4ecb\u7d39<\/a><\/li>\n<\/ul>\t\t\t<\/nav>\n\t\t\t\t\t\t<\/div>\n\t\t\t\t<\/div>\n\t\t\t\t<div class=\"elementor-element elementor-element-786c2a32 elementor-widget-divider--view-line elementor-widget elementor-widget-divider\" data-id=\"786c2a32\" data-element_type=\"widget\" data-widget_type=\"divider.default\">\n\t\t\t\t<div class=\"elementor-widget-container\">\n\t\t\t\t\t\t\t<div class=\"elementor-divider\">\n\t\t\t<span class=\"elementor-divider-separator\">\n\t\t\t\t\t\t<\/span>\n\t\t<\/div>\n\t\t\t\t\t\t<\/div>\n\t\t\t\t<\/div>\n\t\t\t\t\t<\/div>\n\t\t\t\t<\/div>\n\t\t\t\t<section class=\"elementor-section elementor-top-section elementor-element elementor-element-72d1b52a elementor-section-content-middle animated-slow elementor-section-boxed elementor-section-height-default elementor-section-height-default\" data-id=\"72d1b52a\" data-element_type=\"section\" data-settings=\"{&quot;animation&quot;:&quot;none&quot;,&quot;animation_delay&quot;:1000}\">\n\t\t\t\t\t\t<div class=\"elementor-container elementor-column-gap-wide\">\n\t\t\t\t\t<div class=\"elementor-column elementor-col-100 elementor-top-column elementor-element elementor-element-5ab6582e\" data-id=\"5ab6582e\" data-element_type=\"column\">\n\t\t\t<div class=\"elementor-widget-wrap elementor-element-populated\">\n\t\t\t\t\t\t<div class=\"elementor-element elementor-element-22c38b88 elementor-widget elementor-widget-rs-heading\" data-id=\"22c38b88\" data-element_type=\"widget\" data-widget_type=\"rs-heading.default\">\n\t\t\t\t<div class=\"elementor-widget-container\">\n\t\t\t\t\t        <div class=\"rs-heading default  \">\r\n        \t<div class=\"title-inner\">\r\n        \t\t      \t\t\r\n\t            <h2 class=\"title\"><span class=\"watermark\"><\/span>Origin Surrogacy<br>Caracter\u00edsticas del hospital<\/h2>\t        <\/div>\r\n\t                    \t<div class=\"description\">\r\n            \t\t<p>Contamos con m\u00e1s de <strong>50.000<\/strong> metros cuadrados de laboratorio de embriones y contamos con la certificaci\u00f3n de laboratorio de m\u00e1s alto nivel internacional <strong>-CPA<\/strong>. Con un alto nivel de laboratorio profesional en el cultivo de embriones de <strong>7,5<\/strong> d\u00edas, hemos tenido m\u00e1s del <strong>80%<\/strong> de embarazos asistidos cada a\u00f1o durante <strong>10<\/strong> a\u00f1os y m\u00e1s del <strong>87%<\/strong> de embarazos donados de \u00f3vulos.<\/p>\n            \t\t\r\n            \t<\/div>\r\n        \t        <\/div>\r\n\r\n        \t\t\t\t<\/div>\n\t\t\t\t<\/div>\n\t\t\t\t\t<\/div>\n\t\t<\/div>\n\t\t\t\t\t<\/div>\n\t\t<\/section>\n\t\t<div class=\"elementor-element elementor-element-946f588 e-flex e-con-boxed e-con e-parent\" data-id=\"946f588\" data-element_type=\"container\">\n\t\t\t\t\t<div class=\"e-con-inner\">\n\t\t<div class=\"elementor-element elementor-element-9a5bf57 e-con-full e-flex e-con e-child\" data-id=\"9a5bf57\" data-element_type=\"container\">\n\t\t\t\t<div class=\"elementor-element elementor-element-5ebdf96 elementor-widget elementor-widget-heading\" data-id=\"5ebdf96\" data-element_type=\"widget\" data-widget_type=\"heading.default\">\n\t\t\t\t<div class=\"elementor-widget-container\">\n\t\t\t\t\t<h2 class=\"elementor-heading-title elementor-size-default\">Nuestras ventajas competitivas<\/h2>\t\t\t\t<\/div>\n\t\t\t\t<\/div>\n\t\t\t\t<div class=\"elementor-element elementor-element-3088222 elementor-position-left elementor-vertical-align-middle elementor-widget elementor-widget-image-box\" data-id=\"3088222\" data-element_type=\"widget\" data-widget_type=\"image-box.default\">\n\t\t\t\t<div class=\"elementor-widget-container\">\n\t\t\t\t\t<div class=\"elementor-image-box-wrapper\"><figure class=\"elementor-image-box-img\"><img decoding=\"async\" width=\"150\" height=\"150\" src=\"https:\/\/originsurrogacy.com\/wp-content\/uploads\/2024\/10\/microscope-150x150.png\" class=\"attachment-thumbnail size-thumbnail wp-image-14397\" alt=\"\" srcset=\"https:\/\/originsurrogacy.com\/wp-content\/uploads\/2024\/10\/microscope-150x150.png 150w, https:\/\/originsurrogacy.com\/wp-content\/uploads\/2024\/10\/microscope-100x100.png 100w, https:\/\/originsurrogacy.com\/wp-content\/uploads\/2024\/10\/elementor\/thumbs\/microscope-qwaugusl0vdsgpa8bv4bzhneb5k2bmvaw17idouet0.png 50w, https:\/\/originsurrogacy.com\/wp-content\/uploads\/2024\/10\/microscope.png 200w\" sizes=\"(max-width: 150px) 100vw, 150px\" \/><\/figure><div class=\"elementor-image-box-content\"><h3 class=\"elementor-image-box-title\">Tecnolog\u00eda avanzada \u00b7 generaci\u00f3n 3.5 fiv<\/h3><p class=\"elementor-image-box-description\">La tecnolog\u00eda integrada de fiv de 3 \u00aa generaci\u00f3n, que incluye el diagn\u00f3stico gen\u00e9tico preimplantacional del embri\u00f3n (PGD) y la detecci\u00f3n de anomal\u00edas cromos\u00f3micas preimplantacionales (PGS), junto con un sistema de observaci\u00f3n de im\u00e1genes instant\u00e1neas de cultivo de embriones durante todo el d\u00eda, proporciona una tasa de \u00e9xito de embarazo superior al 80%.<\/p><\/div><\/div>\t\t\t\t<\/div>\n\t\t\t\t<\/div>\n\t\t\t\t<div class=\"elementor-element elementor-element-ea221a6 elementor-position-left elementor-vertical-align-middle elementor-widget elementor-widget-image-box\" data-id=\"ea221a6\" data-element_type=\"widget\" data-widget_type=\"image-box.default\">\n\t\t\t\t<div class=\"elementor-widget-container\">\n\t\t\t\t\t<div class=\"elementor-image-box-wrapper\"><figure class=\"elementor-image-box-img\"><img decoding=\"async\" width=\"150\" height=\"150\" src=\"https:\/\/originsurrogacy.com\/wp-content\/uploads\/2024\/10\/\u76ae\u4e0b\u8102\u80aa\u7387-150x150.png\" class=\"attachment-thumbnail size-thumbnail wp-image-14400\" alt=\"\" srcset=\"https:\/\/originsurrogacy.com\/wp-content\/uploads\/2024\/10\/\u76ae\u4e0b\u8102\u80aa\u7387-150x150.png 150w, https:\/\/originsurrogacy.com\/wp-content\/uploads\/2024\/10\/\u76ae\u4e0b\u8102\u80aa\u7387-100x100.png 100w, https:\/\/originsurrogacy.com\/wp-content\/uploads\/2024\/10\/\u76ae\u4e0b\u8102\u80aa\u7387.png 200w\" sizes=\"(max-width: 150px) 100vw, 150px\" \/><\/figure><div class=\"elementor-image-box-content\"><h3 class=\"elementor-image-box-title\">Selecci\u00f3n \u00f3ptima \u00b7 pruebas gen\u00e9ticas PGS\/PGD<\/h3><p class=\"elementor-image-box-description\">El PGS, el cribaje gen\u00e9tico de los cromosomas preimplantacionales del embri\u00f3n, permite el cribaje de 23 pares de cromosomas en el cuerpo humano, su n\u00famero, morfolog\u00eda, presencia de anomal\u00edas, salud y sexo del embri\u00f3n. Tambi\u00e9n es posible la opci\u00f3n de cribaje selectivo de m\u00e1s de 200 enfermedades hereditarias, seleccionando embriones de la mejor calidad.<\/p><\/div><\/div>\t\t\t\t<\/div>\n\t\t\t\t<\/div>\n\t\t\t\t<div class=\"elementor-element elementor-element-8333552 elementor-position-left elementor-vertical-align-middle elementor-widget elementor-widget-image-box\" data-id=\"8333552\" data-element_type=\"widget\" data-widget_type=\"image-box.default\">\n\t\t\t\t<div class=\"elementor-widget-container\">\n\t\t\t\t\t<div class=\"elementor-image-box-wrapper\"><figure class=\"elementor-image-box-img\"><img decoding=\"async\" width=\"150\" height=\"150\" src=\"https:\/\/originsurrogacy.com\/wp-content\/uploads\/2024\/10\/\u5929\u732b-\u9000\u8d27\u4fdd\u969c\u5361-150x150.png\" class=\"attachment-thumbnail size-thumbnail wp-image-14402\" alt=\"\" srcset=\"https:\/\/originsurrogacy.com\/wp-content\/uploads\/2024\/10\/\u5929\u732b-\u9000\u8d27\u4fdd\u969c\u5361-150x150.png 150w, https:\/\/originsurrogacy.com\/wp-content\/uploads\/2024\/10\/\u5929\u732b-\u9000\u8d27\u4fdd\u969c\u5361-100x100.png 100w, https:\/\/originsurrogacy.com\/wp-content\/uploads\/2024\/10\/\u5929\u732b-\u9000\u8d27\u4fdd\u969c\u5361.png 200w\" sizes=\"(max-width: 150px) 100vw, 150px\" \/><\/figure><div class=\"elementor-image-box-content\"><h3 class=\"elementor-image-box-title\">Transferencia de riesgos \u00b7 asistencia profesional a terceros<\/h3><p class=\"elementor-image-box-description\">Las madres de edad avanzada, o las mujeres que corren el riesgo de tener hijos inciertos, pueden dar a luz a su propio beb\u00e9 sano con la ayuda amorosa de madres asistidas por terceros con funciones reproductivas m\u00e1s estables y evitar los posibles riesgos de fertilidad.<\/p><\/div><\/div>\t\t\t\t<\/div>\n\t\t\t\t<\/div>\n\t\t\t\t<div class=\"elementor-element elementor-element-6a1fbfb elementor-position-left elementor-position-left elementor-vertical-align-middle elementor-widget elementor-widget-image-box\" data-id=\"6a1fbfb\" data-element_type=\"widget\" data-widget_type=\"image-box.default\">\n\t\t\t\t<div class=\"elementor-widget-container\">\n\t\t\t\t\t<div class=\"elementor-image-box-wrapper\"><figure class=\"elementor-image-box-img\"><img loading=\"lazy\" decoding=\"async\" width=\"150\" height=\"150\" src=\"https:\/\/originsurrogacy.com\/wp-content\/uploads\/2024\/10\/09\u5b89\u5168\u3001\u4fdd\u969c-\u7ebf\u6027-150x150.png\" class=\"attachment-thumbnail size-thumbnail wp-image-14403\" alt=\"\" srcset=\"https:\/\/originsurrogacy.com\/wp-content\/uploads\/2024\/10\/09\u5b89\u5168\u3001\u4fdd\u969c-\u7ebf\u6027-150x150.png 150w, https:\/\/originsurrogacy.com\/wp-content\/uploads\/2024\/10\/09\u5b89\u5168\u3001\u4fdd\u969c-\u7ebf\u6027-100x100.png 100w, https:\/\/originsurrogacy.com\/wp-content\/uploads\/2024\/10\/09\u5b89\u5168\u3001\u4fdd\u969c-\u7ebf\u6027.png 200w\" sizes=\"(max-width: 150px) 100vw, 150px\" \/><\/figure><div class=\"elementor-image-box-content\"><h3 class=\"elementor-image-box-title\">Opciones de tranquilidad \u00b7 estrictas garant\u00edas legales y reglamentarias<\/h3><p class=\"elementor-image-box-description\">Los centros de fiv oficiales, como servicios m\u00e9dicos leg\u00edtimos, deben cumplir estrictamente las estrictas normas y restricciones de la profesi\u00f3n m\u00e9dica de los Estados Unidos y proteger al m\u00e1ximo los derechos vitales de los futuros padres; Al mismo tiempo, Estados Unidos es un pa\u00eds con leyes claras sobre la reproducci\u00f3n asistida por terceros, que garantizan a los futuros padres la paternidad absoluta del reci\u00e9n nacido.<\/p><\/div><\/div>\t\t\t\t<\/div>\n\t\t\t\t<\/div>\n\t\t\t\t<\/div>\n\t\t<div class=\"elementor-element elementor-element-a962190 e-con-full e-flex e-con e-child\" data-id=\"a962190\" data-element_type=\"container\">\n\t\t\t\t<div class=\"elementor-element elementor-element-73eefd6 elementor-widget elementor-widget-heading\" data-id=\"73eefd6\" data-element_type=\"widget\" data-widget_type=\"heading.default\">\n\t\t\t\t<div class=\"elementor-widget-container\">\n\t\t\t\t\t<h2 class=\"elementor-heading-title elementor-size-default\">Ventajas de one stop<\/h2>\t\t\t\t<\/div>\n\t\t\t\t<\/div>\n\t\t\t\t<div class=\"elementor-element elementor-element-dc94800 elementor-position-left elementor-vertical-align-middle elementor-widget elementor-widget-image-box\" data-id=\"dc94800\" data-element_type=\"widget\" data-widget_type=\"image-box.default\">\n\t\t\t\t<div class=\"elementor-widget-container\">\n\t\t\t\t\t<div class=\"elementor-image-box-wrapper\"><figure class=\"elementor-image-box-img\"><img loading=\"lazy\" decoding=\"async\" width=\"128\" height=\"128\" src=\"https:\/\/originsurrogacy.com\/wp-content\/uploads\/2024\/10\/\u8bd5\u7ba1\u5a74\u513f-1.png\" class=\"attachment-thumbnail size-thumbnail wp-image-14252\" alt=\"\" srcset=\"https:\/\/originsurrogacy.com\/wp-content\/uploads\/2024\/10\/\u8bd5\u7ba1\u5a74\u513f-1.png 128w, https:\/\/originsurrogacy.com\/wp-content\/uploads\/2024\/10\/\u8bd5\u7ba1\u5a74\u513f-1-100x100.png 100w\" sizes=\"(max-width: 128px) 100vw, 128px\" \/><\/figure><div class=\"elementor-image-box-content\"><h3 class=\"elementor-image-box-title\">fiv<\/h3><p class=\"elementor-image-box-description\">Los principales ginec\u00f3logos y endocrinologistas reproductivos de los Estados Unidos garantizan altas tasas de \u00e9xito en la concepci\u00f3n<\/p><\/div><\/div>\t\t\t\t<\/div>\n\t\t\t\t<\/div>\n\t\t\t\t<div class=\"elementor-element elementor-element-fca9f2a elementor-position-left elementor-vertical-align-middle elementor-widget elementor-widget-image-box\" data-id=\"fca9f2a\" data-element_type=\"widget\" data-widget_type=\"image-box.default\">\n\t\t\t\t<div class=\"elementor-widget-container\">\n\t\t\t\t\t<div class=\"elementor-image-box-wrapper\"><figure class=\"elementor-image-box-img\"><img loading=\"lazy\" decoding=\"async\" width=\"150\" height=\"150\" src=\"https:\/\/originsurrogacy.com\/wp-content\/uploads\/2024\/10\/\u5988\u5988-150x150.png\" class=\"attachment-thumbnail size-thumbnail wp-image-14413\" alt=\"\" srcset=\"https:\/\/originsurrogacy.com\/wp-content\/uploads\/2024\/10\/\u5988\u5988-150x150.png 150w, https:\/\/originsurrogacy.com\/wp-content\/uploads\/2024\/10\/\u5988\u5988-100x100.png 100w, https:\/\/originsurrogacy.com\/wp-content\/uploads\/2024\/10\/\u5988\u5988.png 200w\" sizes=\"(max-width: 150px) 100vw, 150px\" \/><\/figure><div class=\"elementor-image-box-content\"><h3 class=\"elementor-image-box-title\">Fertilidad asistida<\/h3><p class=\"elementor-image-box-description\">El banco de \u00f3vulos premium elite de los Estados Unidos y el centro de gesti\u00f3n de madres amorosas donantes de \u00f3vulos y madres amorosas son examinados personalmente por su m\u00e9dico de fiv con estrictos criterios de selecci\u00f3n y procesos<\/p><\/div><\/div>\t\t\t\t<\/div>\n\t\t\t\t<\/div>\n\t\t\t\t<div class=\"elementor-element elementor-element-b5ef6f2 elementor-position-left elementor-vertical-align-middle elementor-widget elementor-widget-image-box\" data-id=\"b5ef6f2\" data-element_type=\"widget\" data-widget_type=\"image-box.default\">\n\t\t\t\t<div class=\"elementor-widget-container\">\n\t\t\t\t\t<div class=\"elementor-image-box-wrapper\"><figure class=\"elementor-image-box-img\"><img loading=\"lazy\" decoding=\"async\" width=\"150\" height=\"150\" src=\"https:\/\/originsurrogacy.com\/wp-content\/uploads\/2024\/10\/bingli-150x150.png\" class=\"attachment-thumbnail size-thumbnail wp-image-14415\" alt=\"\" srcset=\"https:\/\/originsurrogacy.com\/wp-content\/uploads\/2024\/10\/bingli-150x150.png 150w, https:\/\/originsurrogacy.com\/wp-content\/uploads\/2024\/10\/bingli-100x100.png 100w, https:\/\/originsurrogacy.com\/wp-content\/uploads\/2024\/10\/bingli.png 200w\" sizes=\"(max-width: 150px) 100vw, 150px\" \/><\/figure><div class=\"elementor-image-box-content\"><h3 class=\"elementor-image-box-title\">Pruebas gen\u00e9ticas<\/h3><p class=\"elementor-image-box-description\">Una tasa de aprobaci\u00f3n de PGS muy por encima del promedio de la industria de tubos de ensayo de ee. Uu. \"eugenics eugenics\" escolta<\/p><\/div><\/div>\t\t\t\t<\/div>\n\t\t\t\t<\/div>\n\t\t\t\t<div class=\"elementor-element elementor-element-8e2c418 elementor-position-left elementor-vertical-align-middle elementor-widget elementor-widget-image-box\" data-id=\"8e2c418\" data-element_type=\"widget\" data-widget_type=\"image-box.default\">\n\t\t\t\t<div class=\"elementor-widget-container\">\n\t\t\t\t\t<div class=\"elementor-image-box-wrapper\"><figure class=\"elementor-image-box-img\"><img loading=\"lazy\" decoding=\"async\" width=\"150\" height=\"150\" src=\"https:\/\/originsurrogacy.com\/wp-content\/uploads\/2024\/10\/B\u8d85-150x150.png\" class=\"attachment-thumbnail size-thumbnail wp-image-14416\" alt=\"\" srcset=\"https:\/\/originsurrogacy.com\/wp-content\/uploads\/2024\/10\/B\u8d85-150x150.png 150w, https:\/\/originsurrogacy.com\/wp-content\/uploads\/2024\/10\/B\u8d85-100x100.png 100w\" sizes=\"(max-width: 150px) 100vw, 150px\" \/><\/figure><div class=\"elementor-image-box-content\"><h3 class=\"elementor-image-box-title\">Seguimiento del embarazo<\/h3><p class=\"elementor-image-box-description\">Monitoreo desde el embarazo hasta el parto comparta regularmente el crecimiento fetal con los futuros padres<\/p><\/div><\/div>\t\t\t\t<\/div>\n\t\t\t\t<\/div>\n\t\t\t\t<div class=\"elementor-element elementor-element-77903a3 elementor-position-left elementor-vertical-align-middle elementor-widget elementor-widget-image-box\" data-id=\"77903a3\" data-element_type=\"widget\" data-widget_type=\"image-box.default\">\n\t\t\t\t<div class=\"elementor-widget-container\">\n\t\t\t\t\t<div class=\"elementor-image-box-wrapper\"><figure class=\"elementor-image-box-img\"><img loading=\"lazy\" decoding=\"async\" width=\"150\" height=\"150\" src=\"https:\/\/originsurrogacy.com\/wp-content\/uploads\/2024\/10\/\u652f\u6301\u9879\u76ee-\u5e2e\u52a9\u4e2d\u5fc3-150x150.png\" class=\"attachment-thumbnail size-thumbnail wp-image-14418\" alt=\"\" srcset=\"https:\/\/originsurrogacy.com\/wp-content\/uploads\/2024\/10\/\u652f\u6301\u9879\u76ee-\u5e2e\u52a9\u4e2d\u5fc3-150x150.png 150w, https:\/\/originsurrogacy.com\/wp-content\/uploads\/2024\/10\/\u652f\u6301\u9879\u76ee-\u5e2e\u52a9\u4e2d\u5fc3-100x100.png 100w, https:\/\/originsurrogacy.com\/wp-content\/uploads\/2024\/10\/\u652f\u6301\u9879\u76ee-\u5e2e\u52a9\u4e2d\u5fc3.png 200w\" sizes=\"(max-width: 150px) 100vw, 150px\" \/><\/figure><div class=\"elementor-image-box-content\"><h3 class=\"elementor-image-box-title\">Seguro completo<\/h3><p class=\"elementor-image-box-description\">El seguro exclusivo de asistencia de embarazo de AIG cubre los gastos m\u00e9dicos del embarazo de las madres amorosas durante todo el proceso, garantiza los derechos de los futuros padres desde la ra\u00edz y evita los agujeros negros m\u00e9dicos<\/p><\/div><\/div>\t\t\t\t<\/div>\n\t\t\t\t<\/div>\n\t\t\t\t<\/div>\n\t\t\t\t\t<\/div>\n\t\t\t\t<\/div>\n\t\t\t\t<\/div>\n\t\t","protected":false},"excerpt":{"rendered":"<p>Origin SurrogacyCaracter\u00edsticas del hospital Contamos con m\u00e1s de 50.000 metros cuadrados de laboratorio de embriones y contamos con la certificaci\u00f3n de laboratorio de m\u00e1s alto nivel internacional -CPA. Con un alto nivel de laboratorio profesional en el cultivo de embriones de 7,5 d\u00edas, hemos tenido m\u00e1s del 80% de embarazos asistidos cada a\u00f1o durante 10&#8230;<\/p>\n","protected":false},"author":1,"featured_media":0,"parent":0,"menu_order":0,"comment_status":"closed","ping_status":"closed","template":"","meta":{"footnotes":""},"class_list":["post-15442","page","type-page","status-publish","hentry"],"_links":{"self":[{"href":"https:\/\/originsurrogacy.com\/es\/wp-json\/wp\/v2\/pages\/15442","targetHints":{"allow":["GET"]}}],"collection":[{"href":"https:\/\/originsurrogacy.com\/es\/wp-json\/wp\/v2\/pages"}],"about":[{"href":"https:\/\/originsurrogacy.com\/es\/wp-json\/wp\/v2\/types\/page"}],"author":[{"embeddable":true,"href":"https:\/\/originsurrogacy.com\/es\/wp-json\/wp\/v2\/users\/1"}],"replies":[{"embeddable":true,"href":"https:\/\/originsurrogacy.com\/es\/wp-json\/wp\/v2\/comments?post=15442"}],"version-history":[{"count":1,"href":"https:\/\/originsurrogacy.com\/es\/wp-json\/wp\/v2\/pages\/15442\/revisions"}],"predecessor-version":[{"id":15443,"href":"https:\/\/originsurrogacy.com\/es\/wp-json\/wp\/v2\/pages\/15442\/revisions\/15443"}],"wp:attachment":[{"href":"https:\/\/originsurrogacy.com\/es\/wp-json\/wp\/v2\/media?parent=15442"}],"curies":[{"name":"wp","href":"https:\/\/api.w.org\/{rel}","templated":true}]}}